{"id":6359,"date":"2025-12-24T12:33:59","date_gmt":"2025-12-24T11:33:59","guid":{"rendered":"https:\/\/bi7g.com\/?post_type=product&#038;p=6359"},"modified":"2026-04-26T18:54:28","modified_gmt":"2026-04-26T16:54:28","slug":"parfum-marshmallow","status":"publish","type":"product","link":"https:\/\/bi7g.com\/en\/product\/parfum-marshmallow\/","title":{"rendered":"Parfum Marshmallow"},"content":{"rendered":"<p>Marshmallow de Loui Martin est une eau de parfum unisexe ultra-gourmande qui plonge instantan\u00e9ment dans un univers de douceur sucr\u00e9e et r\u00e9confortante. D\u00e8s les premi\u00e8res notes de t\u00eate, un \u00e9clat de sucre fil\u00e9 et de fruits rouges juteux explose comme une friandise acidul\u00e9e, \u00e9voquant les plaisirs simples de l&rsquo;enfance et les bonbons fondants.<br \/>\nAu c\u0153ur, les fleurs blanches d\u00e9licates se m\u00ealent \u00e0 une vanille cr\u00e9meuse et enveloppante, apportant une touche florale \u00e9l\u00e9gante qui temp\u00e8re la gourmandise sans l&rsquo;alourdir. C&rsquo;est un voile a\u00e9rien, presque poudr\u00e9, qui rend le parfum addictif et joyeux.<br \/>\nEn fond, la guimauve moelleuse et fondante domine, soutenue par un musc doux et sensuel qui prolonge le sillage sur la peau pendant des heures. Ce musc agit comme une brume velout\u00e9e, lissant les notes sucr\u00e9es pour un \u00e9quilibre parfait : ni trop enfantin, ni \u00e9c\u0153urant, mais profond\u00e9ment cocooning.<br \/>\nId\u00e9al pour les amateurs de parfums \u00ab\u00a0bonbon\u00a0\u00bb tendance, Marshmallow est un cocon olfactif r\u00e9confortant, parfait pour les journ\u00e9es froides ou les soir\u00e9es cosy. Son flacon rose pastel renforce cette impression de r\u00eave sucr\u00e9. Une fragrance moderne, made in Dubai, qui s\u00e9duit par sa tendresse addictive et son sillage envo\u00fbtant. (198 mots)<\/p>","protected":false},"excerpt":{"rendered":"<p>Marshmallow de Loui Martin est une eau de parfum unisexe ultra-gourmande qui plonge instantan\u00e9ment dans un univers de douceur sucr\u00e9e et r\u00e9confortante. D\u00e8s les premi\u00e8res notes de t\u00eate, un \u00e9clat de sucre fil\u00e9 et de fruits rouges juteux explose comme une friandise acidul\u00e9e, \u00e9voquant les plaisirs simples de l&rsquo;enfance et les bonbons fondants.<br \/>\nAu c\u0153ur, les fleurs blanches d\u00e9licates se m\u00ealent \u00e0 une vanille cr\u00e9meuse et enveloppante, apportant une touche florale \u00e9l\u00e9gante qui temp\u00e8re la gourmandise sans l&rsquo;alourdir. C&rsquo;est un voile a\u00e9rien, presque poudr\u00e9, qui rend le parfum addictif et joyeux.<\/p>","protected":false},"featured_media":6361,"comment_status":"open","ping_status":"closed","template":"","meta":[],"product_brand":[],"product_cat":[72,67,71],"product_tag":[],"class_list":{"0":"post-6359","1":"product","2":"type-product","3":"status-publish","4":"has-post-thumbnail","6":"product_cat-eau-de-parfum","7":"product_cat-parfum","8":"product_cat-parfums-femme","10":"first","11":"instock","12":"shipping-taxable","13":"purchasable","14":"product-type-simple"},"yoast_head":"<!-- This site is optimized with the Yoast SEO Premium plugin v26.6 (Yoast SEO v26.6) - https:\/\/yoast.com\/wordpress\/plugins\/seo\/ -->\n<title>Parfum Marshmallow - Bi7g, vente et achat de parfum.<\/title>\n<meta name=\"robots\" content=\"index, follow, max-snippet:-1, max-image-preview:large, max-video-preview:-1\" \/>\n<link rel=\"canonical\" href=\"https:\/\/bi7g.com\/en\/product\/parfum-marshmallow\/\" \/>\n<meta property=\"og:locale\" content=\"en_US\" \/>\n<meta property=\"og:type\" content=\"article\" \/>\n<meta property=\"og:title\" content=\"Parfum Marshmallow\" \/>\n<meta property=\"og:description\" content=\"Marshmallow de Loui Martin est une eau de parfum unisexe ultra-gourmande qui plonge instantan\u00e9ment dans un univers de douceur sucr\u00e9e et r\u00e9confortante. D\u00e8s les premi\u00e8res notes de t\u00eate, un \u00e9clat de sucre fil\u00e9 et de fruits rouges juteux explose comme une friandise acidul\u00e9e, \u00e9voquant les plaisirs simples de l&#039;enfance et les bonbons fondants. Au c\u0153ur, les fleurs blanches d\u00e9licates se m\u00ealent \u00e0 une vanille cr\u00e9meuse et enveloppante, apportant une touche florale \u00e9l\u00e9gante qui temp\u00e8re la gourmandise sans l&#039;alourdir. C&#039;est un voile a\u00e9rien, presque poudr\u00e9, qui rend le parfum addictif et joyeux.\" \/>\n<meta property=\"og:url\" content=\"https:\/\/bi7g.com\/en\/product\/parfum-marshmallow\/\" \/>\n<meta property=\"og:site_name\" content=\"Bi7g, vente et achat de parfum.\" \/>\n<meta property=\"article:modified_time\" content=\"2026-04-26T16:54:28+00:00\" \/>\n<meta property=\"og:image\" content=\"https:\/\/bi7g.com\/wp-content\/uploads\/2025\/12\/cropped-Parfum-Marshmallow-Loui-Martin-\u2013-Eau-de-Parfum-femme-sucree-100-ml-600x600-2.webp\" \/>\n\t<meta property=\"og:image:width\" content=\"599\" \/>\n\t<meta property=\"og:image:height\" content=\"599\" \/>\n\t<meta property=\"og:image:type\" content=\"image\/webp\" \/>\n<meta name=\"twitter:card\" content=\"summary_large_image\" \/>\n<meta name=\"twitter:label1\" content=\"Price\" \/>\n\t<meta name=\"twitter:data1\" content=\"30,00&nbsp;&euro;\" \/>\n\t<meta name=\"twitter:label2\" content=\"Availability\" \/>\n\t<meta name=\"twitter:data2\" content=\"In stock\" \/>\n<script type=\"application\/ld+json\" class=\"yoast-schema-graph\">{\"@context\":\"https:\/\/schema.org\",\"@graph\":[{\"@type\":\"WebPage\",\"@id\":\"https:\/\/bi7g.com\/produit\/parfum-marshmallow\/\",\"url\":\"https:\/\/bi7g.com\/produit\/parfum-marshmallow\/\",\"name\":\"Parfum Marshmallow - Bi7g, vente et achat de parfum.\",\"isPartOf\":{\"@id\":\"https:\/\/bi7g.com\/#website\"},\"primaryImageOfPage\":{\"@id\":\"https:\/\/bi7g.com\/produit\/parfum-marshmallow\/#primaryimage\"},\"image\":{\"@id\":\"https:\/\/bi7g.com\/produit\/parfum-marshmallow\/#primaryimage\"},\"thumbnailUrl\":\"https:\/\/bi7g.com\/wp-content\/uploads\/2025\/12\/cropped-Parfum-Marshmallow-Loui-Martin-\u2013-Eau-de-Parfum-femme-sucree-100-ml-600x600-2.webp\",\"datePublished\":\"2025-12-24T11:33:59+00:00\",\"dateModified\":\"2026-04-26T16:54:28+00:00\",\"breadcrumb\":{\"@id\":\"https:\/\/bi7g.com\/produit\/parfum-marshmallow\/#breadcrumb\"},\"inLanguage\":\"en-US\",\"potentialAction\":[{\"@type\":\"ReadAction\",\"target\":[\"https:\/\/bi7g.com\/produit\/parfum-marshmallow\/\"]}]},{\"@type\":\"ImageObject\",\"inLanguage\":\"en-US\",\"@id\":\"https:\/\/bi7g.com\/produit\/parfum-marshmallow\/#primaryimage\",\"url\":\"https:\/\/bi7g.com\/wp-content\/uploads\/2025\/12\/cropped-Parfum-Marshmallow-Loui-Martin-\u2013-Eau-de-Parfum-femme-sucree-100-ml-600x600-2.webp\",\"contentUrl\":\"https:\/\/bi7g.com\/wp-content\/uploads\/2025\/12\/cropped-Parfum-Marshmallow-Loui-Martin-\u2013-Eau-de-Parfum-femme-sucree-100-ml-600x600-2.webp\",\"width\":599,\"height\":599},{\"@type\":\"BreadcrumbList\",\"@id\":\"https:\/\/bi7g.com\/produit\/parfum-marshmallow\/#breadcrumb\",\"itemListElement\":[{\"@type\":\"ListItem\",\"position\":1,\"name\":\"Home\",\"item\":\"https:\/\/bi7g.com\/\"},{\"@type\":\"ListItem\",\"position\":2,\"name\":\"Boutique\",\"item\":\"https:\/\/bi7g.com\/boutique\/\"},{\"@type\":\"ListItem\",\"position\":3,\"name\":\"Parfum Marshmallow\"}]},{\"@type\":\"WebSite\",\"@id\":\"https:\/\/bi7g.com\/#website\",\"url\":\"https:\/\/bi7g.com\/\",\"name\":\"Bi7g, vente et achat de parfum.\",\"description\":\"\",\"potentialAction\":[{\"@type\":\"SearchAction\",\"target\":{\"@type\":\"EntryPoint\",\"urlTemplate\":\"https:\/\/bi7g.com\/?s={search_term_string}\"},\"query-input\":{\"@type\":\"PropertyValueSpecification\",\"valueRequired\":true,\"valueName\":\"search_term_string\"}}],\"inLanguage\":\"en-US\"}]}<\/script>\n<meta property=\"product:price:amount\" content=\"30.00\" \/>\n<meta property=\"product:price:currency\" content=\"EUR\" \/>\n<meta property=\"og:availability\" content=\"instock\" \/>\n<meta property=\"product:availability\" content=\"instock\" \/>\n<meta property=\"product:condition\" content=\"new\" \/>\n<!-- \/ Yoast SEO Premium plugin. -->","yoast_head_json":{"title":"Parfum Marshmallow - Bi7g, vente et achat de parfum.","robots":{"index":"index","follow":"follow","max-snippet":"max-snippet:-1","max-image-preview":"max-image-preview:large","max-video-preview":"max-video-preview:-1"},"canonical":"https:\/\/bi7g.com\/en\/product\/parfum-marshmallow\/","og_locale":"en_US","og_type":"article","og_title":"Parfum Marshmallow","og_description":"Marshmallow de Loui Martin est une eau de parfum unisexe ultra-gourmande qui plonge instantan\u00e9ment dans un univers de douceur sucr\u00e9e et r\u00e9confortante. D\u00e8s les premi\u00e8res notes de t\u00eate, un \u00e9clat de sucre fil\u00e9 et de fruits rouges juteux explose comme une friandise acidul\u00e9e, \u00e9voquant les plaisirs simples de l'enfance et les bonbons fondants. Au c\u0153ur, les fleurs blanches d\u00e9licates se m\u00ealent \u00e0 une vanille cr\u00e9meuse et enveloppante, apportant une touche florale \u00e9l\u00e9gante qui temp\u00e8re la gourmandise sans l'alourdir. C'est un voile a\u00e9rien, presque poudr\u00e9, qui rend le parfum addictif et joyeux.","og_url":"https:\/\/bi7g.com\/en\/product\/parfum-marshmallow\/","og_site_name":"Bi7g, vente et achat de parfum.","article_modified_time":"2026-04-26T16:54:28+00:00","og_image":[{"width":599,"height":599,"url":"https:\/\/bi7g.com\/wp-content\/uploads\/2025\/12\/cropped-Parfum-Marshmallow-Loui-Martin-\u2013-Eau-de-Parfum-femme-sucree-100-ml-600x600-2.webp","type":"image\/webp"}],"twitter_card":"summary_large_image","twitter_misc":{"Price":"30,00&nbsp;&euro;","Availability":"In stock"},"schema":{"@context":"https:\/\/schema.org","@graph":[{"@type":"WebPage","@id":"https:\/\/bi7g.com\/produit\/parfum-marshmallow\/","url":"https:\/\/bi7g.com\/produit\/parfum-marshmallow\/","name":"Parfum Marshmallow - Bi7g, vente et achat de parfum.","isPartOf":{"@id":"https:\/\/bi7g.com\/#website"},"primaryImageOfPage":{"@id":"https:\/\/bi7g.com\/produit\/parfum-marshmallow\/#primaryimage"},"image":{"@id":"https:\/\/bi7g.com\/produit\/parfum-marshmallow\/#primaryimage"},"thumbnailUrl":"https:\/\/bi7g.com\/wp-content\/uploads\/2025\/12\/cropped-Parfum-Marshmallow-Loui-Martin-\u2013-Eau-de-Parfum-femme-sucree-100-ml-600x600-2.webp","datePublished":"2025-12-24T11:33:59+00:00","dateModified":"2026-04-26T16:54:28+00:00","breadcrumb":{"@id":"https:\/\/bi7g.com\/produit\/parfum-marshmallow\/#breadcrumb"},"inLanguage":"en-US","potentialAction":[{"@type":"ReadAction","target":["https:\/\/bi7g.com\/produit\/parfum-marshmallow\/"]}]},{"@type":"ImageObject","inLanguage":"en-US","@id":"https:\/\/bi7g.com\/produit\/parfum-marshmallow\/#primaryimage","url":"https:\/\/bi7g.com\/wp-content\/uploads\/2025\/12\/cropped-Parfum-Marshmallow-Loui-Martin-\u2013-Eau-de-Parfum-femme-sucree-100-ml-600x600-2.webp","contentUrl":"https:\/\/bi7g.com\/wp-content\/uploads\/2025\/12\/cropped-Parfum-Marshmallow-Loui-Martin-\u2013-Eau-de-Parfum-femme-sucree-100-ml-600x600-2.webp","width":599,"height":599},{"@type":"BreadcrumbList","@id":"https:\/\/bi7g.com\/produit\/parfum-marshmallow\/#breadcrumb","itemListElement":[{"@type":"ListItem","position":1,"name":"Home","item":"https:\/\/bi7g.com\/"},{"@type":"ListItem","position":2,"name":"Boutique","item":"https:\/\/bi7g.com\/boutique\/"},{"@type":"ListItem","position":3,"name":"Parfum Marshmallow"}]},{"@type":"WebSite","@id":"https:\/\/bi7g.com\/#website","url":"https:\/\/bi7g.com\/","name":"Bi7g, vente et achat de parfum.","description":"","potentialAction":[{"@type":"SearchAction","target":{"@type":"EntryPoint","urlTemplate":"https:\/\/bi7g.com\/?s={search_term_string}"},"query-input":{"@type":"PropertyValueSpecification","valueRequired":true,"valueName":"search_term_string"}}],"inLanguage":"en-US"}]},"product_price_amount":"30.00","product_price_currency":"EUR","og_availability":"instock","product_availability":"instock","product_condition":"new"},"_links":{"self":[{"href":"https:\/\/bi7g.com\/en\/wp-json\/wp\/v2\/product\/6359","targetHints":{"allow":["GET"]}}],"collection":[{"href":"https:\/\/bi7g.com\/en\/wp-json\/wp\/v2\/product"}],"about":[{"href":"https:\/\/bi7g.com\/en\/wp-json\/wp\/v2\/types\/product"}],"replies":[{"embeddable":true,"href":"https:\/\/bi7g.com\/en\/wp-json\/wp\/v2\/comments?post=6359"}],"wp:featuredmedia":[{"embeddable":true,"href":"https:\/\/bi7g.com\/en\/wp-json\/wp\/v2\/media\/6361"}],"wp:attachment":[{"href":"https:\/\/bi7g.com\/en\/wp-json\/wp\/v2\/media?parent=6359"}],"wp:term":[{"taxonomy":"product_brand","embeddable":true,"href":"https:\/\/bi7g.com\/en\/wp-json\/wp\/v2\/product_brand?post=6359"},{"taxonomy":"product_cat","embeddable":true,"href":"https:\/\/bi7g.com\/en\/wp-json\/wp\/v2\/product_cat?post=6359"},{"taxonomy":"product_tag","embeddable":true,"href":"https:\/\/bi7g.com\/en\/wp-json\/wp\/v2\/product_tag?post=6359"}],"curies":[{"name":"wp","href":"https:\/\/api.w.org\/{rel}","templated":true}]}}