{"id":113,"date":"2024-06-10T04:16:32","date_gmt":"2024-06-10T04:16:32","guid":{"rendered":"https:\/\/raw.githubusercontent.com\/drfuri\/demo-content\/main\/ecomus\/fashion\/images\/?page_id=113"},"modified":"2025-12-27T19:59:37","modified_gmt":"2025-12-27T18:59:37","slug":"home-parfum","status":"publish","type":"page","link":"https:\/\/bi7g.com\/en\/","title":{"rendered":"Parfum"},"content":{"rendered":"<div data-elementor-type=\"wp-page\" data-elementor-id=\"113\" class=\"elementor elementor-113\" data-elementor-post-type=\"page\">\n\t\t\t\t<div class=\"elementor-element elementor-element-2999ce99 e-con-full e-flex ecomus-responsive-column ecomus-tablet-column--default ecomus-responsive-column ecomus-mobile-column--default e-con e-parent\" data-id=\"2999ce99\" data-element_type=\"container\" data-e-type=\"container\">\n\t\t\t\t<div class=\"elementor-element elementor-element-c2a1c17 navigation-class-dots navigation-class--tabletdots navigation-class--mobiledots ecomus-slides__dots-position-bottom elementor-widget elementor-widget-ecomus-slides\" data-id=\"c2a1c17\" data-element_type=\"widget\" data-e-type=\"widget\" data-settings=\"{&quot;autoplay&quot;:&quot;yes&quot;,&quot;effect&quot;:&quot;slide&quot;,&quot;slides_to_show&quot;:1,&quot;slides_to_scroll&quot;:1,&quot;navigation&quot;:&quot;both&quot;,&quot;autoplay_speed&quot;:3000,&quot;pause_on_hover&quot;:&quot;yes&quot;,&quot;speed&quot;:800}\" data-widget_type=\"ecomus-slides.default\">\n\t\t\t\t<div class=\"elementor-widget-container\">\n\t\t\t\t\t\t\t<div class=\"ecomus-slides-elementor ecomus-carousel--elementor swiper\" stytle=\"\">\n\t\t\t<div class=\"ecomus-slides-elementor__inner swiper-wrapper\">\n\t\t\t\t\t\t\t\t<div class=\"elementor-repeater-item-2098c7e ecomus-slides-elementor__item swiper-slide\">\n\t\t\t\t\t\t<div class=\"ecomus-slide em-container em-flex\">\n\t\t\t\t\t\t\t\t\t\t\t\t\t\t<div class=\"ecomus-slide__content\">\n\t\t\t\t\t\t\t\t\n\t\t\t\t\t\t\t\t\t\t\t\t\t\t\t\t\t<h2 class=\"ecomus-slide__title\">L'instant<\/h2>\n\t\t\t\t\t\t\t\t\n\t\t\t\t\t\t\t\t\t\t\t\t\t\t\t\t\t<div class=\"ecomus-slide__description\">Un sillage inoubliable<\/div>\n\t\t\t\t\t\t\t\t\n\t\t\t\t\t\t\t\t\n\t\t\t\t\t\t\t\t\t\t<a class=\"ecomus-slide__button em-button ecomus-button-link ecomus-button em-button em-button-hover-eff ecomus-slide__button em-button-icon-alway\" href=\"#\">\r\n\t\t\t<span class=\"ecomus-button-text\">Galerie de parfum<\/span>\t\t\t\t\t\t\t\t\t\t\t\t<span class=\"ecomus-svg-icon ecomus-align-icon-right\">\r\n\t\t\t\t\t\t\t\t\t\t\t<\/span>\r\n\t\t\t\t\t\t\t\t\t\t\t\t<\/a>\r\n\t\t\t\t\t\t\t\t\t<\/div>\n\t\t\t\t\t\t<\/div>\n\t\t\t\t\t<\/div>\n\t\t\t\t\t\t\t\t\t<div class=\"elementor-repeater-item-a422346 ecomus-slides-elementor__item swiper-slide\">\n\t\t\t\t\t\t<div class=\"ecomus-slide em-container em-flex\">\n\t\t\t\t\t\t\t\t\t\t\t\t\t\t<div class=\"ecomus-slide__content\">\n\t\t\t\t\t\t\t\t\n\t\t\t\t\t\t\t\t\t\t\t\t\t\t\t\t\t<h2 class=\"ecomus-slide__title\">Coeur<\/h2>\n\t\t\t\t\t\t\t\t\n\t\t\t\t\t\t\t\t\t\t\t\t\t\t\t\t\t<div class=\"ecomus-slide__description\">L'emotion en notes<\/div>\n\t\t\t\t\t\t\t\t\n\t\t\t\t\t\t\t\t\n\t\t\t\t\t\t\t\t\t\t<a href=\"#\" class=\"ecomus-button-link ecomus-button em-button em-button-hover-eff ecomus-slide__button em-button-icon-alway\">\r\n\t\t\t<span class=\"ecomus-button-text\">Galerie de parfum<\/span>\t\t\t\t\t\t\t\t\t\t\t\t<span class=\"ecomus-svg-icon ecomus-align-icon-right ecomus-svg-icon ecomus-align-icon-right\">\r\n\t\t\t\t\t\t\t\t\t\t\t<\/span>\r\n\t\t\t\t\t\t\t\t\t\t\t\t<\/a>\r\n\t\t\t\t\t\t\t\t\t<\/div>\n\t\t\t\t\t\t<\/div>\n\t\t\t\t\t<\/div>\n\t\t\t\t\t\t\t\t\t<div class=\"elementor-repeater-item-7a336df ecomus-slides-elementor__item swiper-slide\">\n\t\t\t\t\t\t<div class=\"ecomus-slide em-container em-flex\">\n\t\t\t\t\t\t\t<a href=\"#\" class=\"ecomus-slide__button--all em-absolute\"><span class=\"screen-reader-text\">Galerie de parfum<\/span><\/a>\t\t\t\t\t\t\t<div class=\"ecomus-slide__content\">\n\t\t\t\t\t\t\t\t\n\t\t\t\t\t\t\t\t\t\t\t\t\t\t\t\t\t<h2 class=\"ecomus-slide__title\">Le luxe se respire<\/h2>\n\t\t\t\t\t\t\t\t\n\t\t\t\t\t\t\t\t\t\t\t\t\t\t\t\t\t<div class=\"ecomus-slide__description\">Votre signature parfum\u00e9e<\/div>\n\t\t\t\t\t\t\t\t\n\t\t\t\t\t\t\t\t\n\t\t\t\t\t\t\t\t\t\t<a href=\"#\" class=\"ecomus-button-link ecomus-button em-button em-button-hover-eff ecomus-slide__button em-button-icon-alway\">\r\n\t\t\t<span class=\"ecomus-button-text\">Galerie de parfum<\/span>\t\t\t\t\t\t\t\t\t\t\t\t<span class=\"ecomus-svg-icon ecomus-align-icon-right ecomus-svg-icon ecomus-align-icon-right ecomus-svg-icon ecomus-align-icon-right\">\r\n\t\t\t\t\t\t\t\t\t\t\t<\/span>\r\n\t\t\t\t\t\t\t\t\t\t\t\t<\/a>\r\n\t\t\t\t\t\t\t\t\t<\/div>\n\t\t\t\t\t\t<\/div>\n\t\t\t\t\t<\/div>\n\t\t\t\t\t\t\t<\/div>\n\t\t\t<div class=\"swiper-arrows\">\n\t\t\t\t<span class=\"ecomus-svg-icon ecomus-svg-icon--left-mini elementor-swiper-button-prev swiper-button\" ><svg aria-hidden=\"true\" role=\"img\" focusable=\"false\" width=\"7\" height=\"11\" viewbox=\"0 0 7 11\" fill=\"currentColor\" xmlns=\"http:\/\/www.w3.org\/2000\/svg\"><path d=\"M5.5 11L0 5.5L5.5 0L6.47625 0.97625L1.9525 5.5L6.47625 10.0238L5.5 11Z\" fill=\"currentColor\"\/><\/svg><\/span><span class=\"ecomus-svg-icon ecomus-svg-icon--right-mini elementor-swiper-button-next swiper-button\" ><svg aria-hidden=\"true\" role=\"img\" focusable=\"false\" width=\"7\" height=\"11\" viewbox=\"0 0 7 11\" fill=\"currentColor\" xmlns=\"http:\/\/www.w3.org\/2000\/svg\"><path d=\"M1.5 11L7 5.5L1.5 0L0.52375 0.97625L5.0475 5.5L0.52375 10.0238L1.5 11Z\" fill=\"currentColor\"\/><\/svg><\/span>\t\t\t<\/div>\n\t\t\t<div class=\"swiper-pagination  em-container swiper-pagination-bullet--background\"><\/div>\t\t<\/div>\n\t\t\t\t\t<\/div>\n\t\t\t\t<\/div>\n\t\t\t\t<\/div>\n\t\t<div class=\"elementor-element elementor-element-18a07706 e-flex e-con-boxed ecomus-responsive-column ecomus-tablet-column--default ecomus-responsive-column ecomus-mobile-column--default e-con e-parent\" data-id=\"18a07706\" data-element_type=\"container\" data-e-type=\"container\">\n\t\t\t\t\t<div class=\"e-con-inner\">\n\t\t\t\t<div class=\"elementor-element elementor-element-28c5e092 elementor-widget elementor-widget-ecomus-heading\" data-id=\"28c5e092\" data-element_type=\"widget\" data-e-type=\"widget\" data-widget_type=\"ecomus-heading.default\">\n\t\t\t\t<div class=\"elementor-widget-container\">\n\t\t\t\t\t\t\t<div class=\"ecomus-heading-elementor\">\n\t\t\t\t<h1 class=\"ecomus-heading em-flex em-flex-align-center ecomus-heading--default\">\n\t\t\t\t\t\t\t\t\t\tA fragrance that will not be forgotten.\t\t\t\t<\/h1>\n\t\t\t<\/div>\n\t\t\t\t\t\t<\/div>\n\t\t\t\t<\/div>\n\t\t\t\t<div class=\"elementor-element elementor-element-6b99298c elementor-widget elementor-widget-ecomus-heading\" data-id=\"6b99298c\" data-element_type=\"widget\" data-e-type=\"widget\" data-widget_type=\"ecomus-heading.default\">\n\t\t\t\t<div class=\"elementor-widget-container\">\n\t\t\t\t\t\t\t<div class=\"ecomus-heading-elementor\">\n\t\t\t\t<div class=\"ecomus-heading em-flex em-flex-align-center ecomus-heading--default\">\n\t\t\t\t\t\t\t\t\t\tL'Univers Envo\u00fbtant des Parfums\nLe parfum repr\u00e9sente l'art subtil de capturer l'essence m\u00eame de la beaut\u00e9 olfactive. Chaque fragrance raconte une histoire unique, m\u00ealant notes florales d\u00e9licates, accords bois\u00e9s profonds et senteurs orientales myst\u00e9rieuses. \t\t\t\t<\/div>\n\t\t\t<\/div>\n\t\t\t\t\t\t<\/div>\n\t\t\t\t<\/div>\n\t\t\t\t\t<\/div>\n\t\t\t\t<\/div>\n\t\t<div class=\"elementor-element elementor-element-e9ec441 e-flex e-con-boxed ecomus-responsive-column ecomus-tablet-column--default ecomus-responsive-column ecomus-mobile-column--default e-con e-parent\" data-id=\"e9ec441\" data-element_type=\"container\" data-e-type=\"container\">\n\t\t\t\t\t<div class=\"e-con-inner\">\n\t\t\t\t<div class=\"elementor-element elementor-element-ec056e1 navigation-class-arrows elementor-widget elementor-widget-ecomus-products-carousel\" data-id=\"ec056e1\" data-element_type=\"widget\" data-e-type=\"widget\" data-settings=\"{&quot;slides_to_show&quot;:4,&quot;slides_to_scroll&quot;:1,&quot;image_spacing_custom&quot;:30,&quot;navigation&quot;:&quot;both&quot;,&quot;speed&quot;:800}\" data-widget_type=\"ecomus-products-carousel.default\">\n\t\t\t\t<div class=\"elementor-widget-container\">\n\t\t\t\t\t\t\t<div class=\"ecomus-products-carousel ecomus-products-carousel--elementor ecomus-carousel--elementor ecomus-carousel--slidesperview-auto\">\n\t\t\t<div class=\"ecomus-products-carousel--relative em-relative\"><div class=\"swiper product-swiper--elementor columns-4 tablet-col-4 mobile-col-4\"><ul class=\"products columns-4\">\n<li class=\"product type-product post-6359 status-publish first instock product_cat-eau-de-parfum product_cat-parfum product_cat-parfums-femme has-post-thumbnail shipping-taxable purchasable product-type-simple\">\n\t<a href=\"https:\/\/bi7g.com\/en\/product\/parfum-marshmallow\/\" class=\"woocommerce-LoopProduct-link woocommerce-loop-product__link\"><img fetchpriority=\"high\" decoding=\"async\" width=\"300\" height=\"450\" src=\"https:\/\/bi7g.com\/wp-content\/uploads\/2025\/12\/cropped-Parfum-Marshmallow-Loui-Martin-\u2013-Eau-de-Parfum-femme-sucree-100-ml-600x600-2-300x450.webp\" class=\"attachment-woocommerce_thumbnail size-woocommerce_thumbnail\" alt=\"Parfum Marshmallow\" \/><h2 class=\"woocommerce-loop-product__title\">Parfum Marshmallow<\/h2><div class=\"star-rating\" role=\"img\">\n\t\t\t\t\t\t\t\t\t<span class=\"max-rating rating-stars\">\n\t\t\t\t\t\t\t\t\t\t<span class=\"ecomus-svg-icon ecomus-svg-icon__inline ecomus-svg-icon--star\"><svg width=\"24\" height=\"24\" aria-hidden=\"true\" role=\"img\" focusable=\"false\" > <use href=\"#star\" xlink:href=\"#star\"><\/use> <\/svg><\/span>\n\t\t\t\t\t\t\t\t\t\t<span class=\"ecomus-svg-icon ecomus-svg-icon__inline ecomus-svg-icon--star\"><svg width=\"24\" height=\"24\" aria-hidden=\"true\" role=\"img\" focusable=\"false\" > <use href=\"#star\" xlink:href=\"#star\"><\/use> <\/svg><\/span>\n\t\t\t\t\t\t\t\t\t\t<span class=\"ecomus-svg-icon ecomus-svg-icon__inline ecomus-svg-icon--star\"><svg width=\"24\" height=\"24\" aria-hidden=\"true\" role=\"img\" focusable=\"false\" > <use href=\"#star\" xlink:href=\"#star\"><\/use> <\/svg><\/span>\n\t\t\t\t\t\t\t\t\t\t<span class=\"ecomus-svg-icon ecomus-svg-icon__inline ecomus-svg-icon--star\"><svg width=\"24\" height=\"24\" aria-hidden=\"true\" role=\"img\" focusable=\"false\" > <use href=\"#star\" xlink:href=\"#star\"><\/use> <\/svg><\/span>\n\t\t\t\t\t\t\t\t\t\t<span class=\"ecomus-svg-icon ecomus-svg-icon__inline ecomus-svg-icon--star\"><svg width=\"24\" height=\"24\" aria-hidden=\"true\" role=\"img\" focusable=\"false\" > <use href=\"#star\" xlink:href=\"#star\"><\/use> <\/svg><\/span>\n\t\t\t\t\t\t\t\t\t<\/span>\n\t\t\t\t\t\t\t\t<\/div>\n\t<span class=\"price\"><span class=\"woocommerce-Price-amount amount\"><bdi>30,00&nbsp;<span class=\"woocommerce-Price-currencySymbol\">&euro;<\/span><\/bdi><\/span><\/span>\n\t\t<div class=\"sold-by-meta vendor-type-avatar vendor-position-after-price\">\n\t\t\t<a href=\"https:\/\/bi7g.com\/en\/store\/huguo\/\">\n\t\t\t\t<img alt='' src='https:\/\/bi7g.com\/wp-content\/uploads\/2025\/12\/cropped-bg_breadcrumb_v12-150x150.jpg' srcset='https:\/\/bi7g.com\/wp-content\/uploads\/2025\/12\/cropped-bg_breadcrumb_v12-150x150.jpg 2x' class='avatar avatar-96 photo' height='96' width='96' \/>\t\t\t\t<span class=\"vendor-name\">Huguo<\/span>\n\t\t\t<\/a>\n\t\t<\/div>\n\n\t\t<\/a><a href=\"\/en\/wp-json\/wp\/v2\/pages\/113?add-to-cart=6359\" data-quantity=\"1\" class=\"button product_type_simple add_to_cart_button ajax_add_to_cart\" data-product_id=\"6359\" data-product_sku=\"\" aria-label=\"Add to cart: \u201cParfum Marshmallow\u201d\" rel=\"nofollow\" data-success_message=\"\u201cParfum Marshmallow\u201d has been added to your cart\" role=\"button\" data-no-translation=\"\" data-trp-gettext=\"\" data-no-translation-aria-label=\"\" data-no-translation-data-success_message=\"\">Add to cart<\/a><\/li>\n<\/ul>\n<\/div><span class=\"ecomus-svg-icon ecomus-svg-icon--left-mini elementor-swiper-button-prev swiper-button\" ><svg aria-hidden=\"true\" role=\"img\" focusable=\"false\" width=\"7\" height=\"11\" viewbox=\"0 0 7 11\" fill=\"currentColor\" xmlns=\"http:\/\/www.w3.org\/2000\/svg\"><path d=\"M5.5 11L0 5.5L5.5 0L6.47625 0.97625L1.9525 5.5L6.47625 10.0238L5.5 11Z\" fill=\"currentColor\"\/><\/svg><\/span><span class=\"ecomus-svg-icon ecomus-svg-icon--right-mini elementor-swiper-button-next swiper-button\" ><svg aria-hidden=\"true\" role=\"img\" focusable=\"false\" width=\"7\" height=\"11\" viewbox=\"0 0 7 11\" fill=\"currentColor\" xmlns=\"http:\/\/www.w3.org\/2000\/svg\"><path d=\"M1.5 11L7 5.5L1.5 0L0.52375 0.97625L5.0475 5.5L0.52375 10.0238L1.5 11Z\" fill=\"currentColor\"\/><\/svg><\/span><div class=\"swiper-pagination  swiper-pagination-bullet--small\"><\/div><\/div>\t\t<\/div>\n\t\t\t\t\t\t<\/div>\n\t\t\t\t<\/div>\n\t\t\t\t\t<\/div>\n\t\t\t\t<\/div>\n\t\t<div class=\"elementor-element elementor-element-5be4714c e-flex e-con-boxed ecomus-responsive-column ecomus-tablet-column--default ecomus-responsive-column ecomus-mobile-column--default e-con e-parent\" data-id=\"5be4714c\" data-element_type=\"container\" data-e-type=\"container\">\n\t\t\t\t\t<div class=\"e-con-inner\">\n\t\t<div class=\"elementor-element elementor-element-720d5906 e-con-full e-flex ecomus-responsive-column ecomus-tablet-column--default ecomus-responsive-column ecomus-mobile-column--default e-con e-child\" data-id=\"720d5906\" data-element_type=\"container\" data-e-type=\"container\" data-settings=\"{&quot;background_background&quot;:&quot;classic&quot;}\">\n\t\t<div class=\"elementor-element elementor-element-39c71f6d e-con-full e-flex ecomus-responsive-column ecomus-tablet-column--default ecomus-responsive-column ecomus-mobile-column--default e-con e-child\" data-id=\"39c71f6d\" data-element_type=\"container\" data-e-type=\"container\">\n\t\t\t\t<div class=\"elementor-element elementor-element-454bc7c5 elementor-widget elementor-widget-image\" data-id=\"454bc7c5\" data-element_type=\"widget\" data-e-type=\"widget\" data-widget_type=\"image.default\">\n\t\t\t\t\t\t\t\t\t\t\t\t\t\t\t<img decoding=\"async\" width=\"625\" height=\"626\" src=\"https:\/\/bi7g.com\/wp-content\/uploads\/2025\/12\/cropped-bg_breadcrumb_v12.jpg\" class=\"attachment-full size-full wp-image-6206\" alt=\"Bouteille-de-parfum\" srcset=\"https:\/\/bi7g.com\/wp-content\/uploads\/2025\/12\/cropped-bg_breadcrumb_v12.jpg 625w, https:\/\/bi7g.com\/wp-content\/uploads\/2025\/12\/cropped-bg_breadcrumb_v12-300x300.jpg 300w, https:\/\/bi7g.com\/wp-content\/uploads\/2025\/12\/cropped-bg_breadcrumb_v12-150x150.jpg 150w, https:\/\/bi7g.com\/wp-content\/uploads\/2025\/12\/cropped-bg_breadcrumb_v12-600x601.jpg 600w, https:\/\/bi7g.com\/wp-content\/uploads\/2025\/12\/cropped-bg_breadcrumb_v12-130x130.jpg 130w\" sizes=\"(max-width: 625px) 100vw, 625px\" \/>\t\t\t\t\t\t\t\t\t\t\t\t\t\t\t<\/div>\n\t\t\t\t<\/div>\n\t\t<div class=\"elementor-element elementor-element-21a01ad7 e-con-full e-flex ecomus-responsive-column ecomus-tablet-column--default ecomus-responsive-column ecomus-mobile-column--default e-con e-child\" data-id=\"21a01ad7\" data-element_type=\"container\" data-e-type=\"container\">\n\t\t\t\t<div class=\"elementor-element elementor-element-76a88672 elementor-widget elementor-widget-ecomus-heading\" data-id=\"76a88672\" data-element_type=\"widget\" data-e-type=\"widget\" data-widget_type=\"ecomus-heading.default\">\n\t\t\t\t<div class=\"elementor-widget-container\">\n\t\t\t\t\t\t\t<div class=\"ecomus-heading-elementor\">\n\t\t\t\t<h2 class=\"ecomus-heading em-flex em-flex-align-center ecomus-heading--default\">\n\t\t\t\t\t\t\t\t\t\tL'art du parfum\t\t\t\t<\/h2>\n\t\t\t<\/div>\n\t\t\t\t\t\t<\/div>\n\t\t\t\t<\/div>\n\t\t\t\t<div class=\"elementor-element elementor-element-4c7ec5dd elementor-widget elementor-widget-ecomus-heading\" data-id=\"4c7ec5dd\" data-element_type=\"widget\" data-e-type=\"widget\" data-widget_type=\"ecomus-heading.default\">\n\t\t\t\t<div class=\"elementor-widget-container\">\n\t\t\t\t\t\t\t<div class=\"ecomus-heading-elementor\">\n\t\t\t\t<div class=\"ecomus-heading em-flex em-flex-align-center ecomus-heading--default\">\n\t\t\t\t\t\t\t\t\t\tL'eau de parfum se distingue par sa concentration \u00e9lev\u00e9e en essences pr\u00e9cieuses, offrant une tenue exceptionnelle tout au long de la journ\u00e9e. Les ma\u00eetres parfumeurs composent des symphonies olfactives harmonieuses, associant notes de t\u00eate p\u00e9tillantes, c\u0153ur floral g\u00e9n\u00e9reux et fond sensuel persistant. Qu'il s'agisse de fragrances f\u00e9minines raffin\u00e9es ou masculines charismatiques, chaque cr\u00e9ation \u00e9voque \u00e9motions et souvenirs. La parfumerie moderne allie tradition artisanale et innovation, proposant des compositions unisexes audacieuses qui transcendent les codes \u00e9tablis.\n\t\t\t\t<\/div>\n\t\t\t<\/div>\n\t\t\t\t\t\t<\/div>\n\t\t\t\t<\/div>\n\t\t\t\t<div class=\"elementor-element elementor-element-25cd2612 elementor-mobile-align-center elementor-widget elementor-widget-ecomus-button\" data-id=\"25cd2612\" data-element_type=\"widget\" data-e-type=\"widget\" data-widget_type=\"ecomus-button.default\">\n\t\t\t\t<div class=\"elementor-widget-container\">\n\t\t\t\t\t\t\t<a href=\"#\" class=\"ecomus-button-link ecomus-button em-button em-button-hover-eff\">\r\n\t\t\t\t\t\t\t\t\t<span class=\"ecomus-button-text\">Lisez nos histoires<\/span>\t\t<\/a>\r\n\t\t\t\t\t\t<\/div>\n\t\t\t\t<\/div>\n\t\t\t\t<\/div>\n\t\t\t\t<\/div>\n\t\t\t\t\t<\/div>\n\t\t\t\t<\/div>\n\t\t<div class=\"elementor-element elementor-element-7e226670 e-con-full e-flex ecomus-responsive-column ecomus-tablet-column--default ecomus-responsive-column ecomus-mobile-column--default e-con e-parent\" data-id=\"7e226670\" data-element_type=\"container\" data-e-type=\"container\">\n\t\t\t\t<div class=\"elementor-element elementor-element-2e10f59b elementor-widget elementor-widget-ecomus-marquee\" data-id=\"2e10f59b\" data-element_type=\"widget\" data-e-type=\"widget\" data-settings=\"{&quot;speed&quot;:&quot;0.3&quot;}\" data-widget_type=\"ecomus-marquee.default\">\n\t\t\t\t<div class=\"elementor-widget-container\">\n\t\t\t\t\t        <div class=\"ecomus-marquee ecomus-elementor--marquee\">\n            <div class=\"ecomus-marquee__inner ecomus-marquee--inner em-relative em-flex-align-center\">\n\t\t\t\t<div class=\"ecomus-marquee__items ecomus-marquee--items ecomus-marquee--original em-flex-align-center\">\n\t\t\t\t\t\t\t\t\t\t\t\t\t\t\t\t\t<div class=\"ecomus-marquee__item em-flex em-flex-align-center elementor-repeater-item-eefa4ab\">\n\t\t\t\t\t\t\t\t\t\t\t\t\t\t\t\t\t\t\t\t\t\t\t<span class=\"em-responsive-image em-responsive-image__desktop\"><img decoding=\"async\" src=\"https:\/\/bi7g.com\/wp-content\/uploads\/2025\/12\/Parfum-Marshmallow-Loui-Martin-\u2013-Eau-de-Parfum-femme-sucree-100-ml-600x600-1-e1766088542315.webp\" title=\"Parfum-Marshmallow-Loui-Martin-\u2013-Eau-de-Parfum-femme-sucree-100-ml-600&#215;600\" alt=\"Parfum Marshmallow \u2013 Loui Martin\" loading=\"lazy\" \/><\/span>\t\t\t\t\t\t\t\t\t\t\t\t\t<\/div>\n\t\t\t\t\t\t\t\t\t\t\t\t\t\t\t\t\t<div class=\"ecomus-marquee__item em-flex em-flex-align-center elementor-repeater-item-236f8f6\">\n\t\t\t\t\t\t\t\t\t\t\t\t\t\t\t\t\t\t\t\t\t\t\t<span class=\"em-responsive-image em-responsive-image__desktop\"><img decoding=\"async\" src=\"https:\/\/bi7g.com\/wp-content\/uploads\/2025\/12\/EaudeParfumEnigmaPourHomme100ml-LouiMartin-e1766088848511.webp\" title=\"EaudeParfumEnigmaPourHomme100ml-LouiMartin\" alt=\"Eau de Parfum Enigma Pour Homme\" loading=\"lazy\" \/><\/span>\t\t\t\t\t\t\t\t\t\t\t\t\t<\/div>\n\t\t\t\t\t\t\t\t\t<\/div>\n            <\/div>\n        <\/div>\n    \t\t\t\t<\/div>\n\t\t\t\t<\/div>\n\t\t\t\t<\/div>\n\t\t\t\t<\/div>","protected":false},"excerpt":{"rendered":"<p>L&rsquo;instant Un sillage inoubliable Galerie de parfum Coeur L&#8217;emotion en notes Galerie de parfum Galerie de parfum Le luxe se respire Votre signature parfum\u00e9e Galerie de parfum Un parfum qui ne s&rsquo;oublie pas. L&rsquo;Univers Envo\u00fbtant des Parfums Le parfum repr\u00e9sente l&rsquo;art subtil de capturer l&rsquo;essence m\u00eame de la beaut\u00e9 olfactive. Chaque fragrance raconte une histoire [&hellip;]<\/p>\n","protected":false},"author":1,"featured_media":0,"parent":0,"menu_order":0,"comment_status":"closed","ping_status":"closed","template":"","meta":{"footnotes":""},"class_list":["post-113","page","type-page","status-publish","hentry"],"yoast_head":"<!-- This site is optimized with the Yoast SEO Premium plugin v26.6 (Yoast SEO v26.6) - https:\/\/yoast.com\/wordpress\/plugins\/seo\/ -->\n<title>Parfum - Bi7g, vente et achat de parfum.<\/title>\n<meta name=\"description\" content=\"D\u00e9couvrez l&#039;univers envo\u00fbtant des parfums : notes olfactives, grandes maisons de parfumerie, commandez votre parfum maintenant.\" \/>\n<meta name=\"robots\" content=\"index, follow, max-snippet:-1, max-image-preview:large, max-video-preview:-1\" \/>\n<link rel=\"canonical\" href=\"https:\/\/bi7g.com\/en\/\" \/>\n<meta property=\"og:locale\" content=\"en_US\" \/>\n<meta property=\"og:type\" content=\"article\" \/>\n<meta property=\"og:title\" content=\"Parfum\" \/>\n<meta property=\"og:description\" content=\"D\u00e9couvrez l&#039;univers envo\u00fbtant des parfums : notes olfactives, grandes maisons de parfumerie, commandez votre parfum maintenant.\" \/>\n<meta property=\"og:url\" content=\"https:\/\/bi7g.com\/en\/\" \/>\n<meta property=\"og:site_name\" content=\"Bi7g, vente et achat de parfum.\" \/>\n<meta property=\"article:modified_time\" content=\"2025-12-27T18:59:37+00:00\" \/>\n<meta property=\"og:image\" content=\"https:\/\/bi7g.com\/wp-content\/uploads\/2025\/12\/cropped-bg_breadcrumb_v12-150x150.jpg\" \/>\n<meta name=\"twitter:card\" content=\"summary_large_image\" \/>\n<meta name=\"twitter:label1\" content=\"Est. reading time\" \/>\n\t<meta name=\"twitter:data1\" content=\"3 minutes\" \/>\n<script type=\"application\/ld+json\" class=\"yoast-schema-graph\">{\"@context\":\"https:\/\/schema.org\",\"@graph\":[{\"@type\":\"WebPage\",\"@id\":\"https:\/\/bi7g.com\/\",\"url\":\"https:\/\/bi7g.com\/\",\"name\":\"Parfum - Bi7g, vente et achat de parfum.\",\"isPartOf\":{\"@id\":\"https:\/\/bi7g.com\/#website\"},\"primaryImageOfPage\":{\"@id\":\"https:\/\/bi7g.com\/#primaryimage\"},\"image\":{\"@id\":\"https:\/\/bi7g.com\/#primaryimage\"},\"thumbnailUrl\":\"https:\/\/bi7g.com\/wp-content\/uploads\/2025\/12\/cropped-bg_breadcrumb_v12-150x150.jpg\",\"datePublished\":\"2024-06-10T04:16:32+00:00\",\"dateModified\":\"2025-12-27T18:59:37+00:00\",\"description\":\"D\u00e9couvrez l'univers envo\u00fbtant des parfums : notes olfactives, grandes maisons de parfumerie, commandez votre parfum maintenant.\",\"breadcrumb\":{\"@id\":\"https:\/\/bi7g.com\/#breadcrumb\"},\"inLanguage\":\"en-US\",\"potentialAction\":[{\"@type\":\"ReadAction\",\"target\":[\"https:\/\/bi7g.com\/\"]}]},{\"@type\":\"ImageObject\",\"inLanguage\":\"en-US\",\"@id\":\"https:\/\/bi7g.com\/#primaryimage\",\"url\":\"https:\/\/bi7g.com\/wp-content\/uploads\/2025\/12\/cropped-bg_breadcrumb_v12-150x150.jpg\",\"contentUrl\":\"https:\/\/bi7g.com\/wp-content\/uploads\/2025\/12\/cropped-bg_breadcrumb_v12-150x150.jpg\"},{\"@type\":\"BreadcrumbList\",\"@id\":\"https:\/\/bi7g.com\/#breadcrumb\",\"itemListElement\":[{\"@type\":\"ListItem\",\"position\":1,\"name\":\"Home\",\"item\":\"https:\/\/bi7g.com\/\"},{\"@type\":\"ListItem\",\"position\":2,\"name\":\"Parfum\"}]},{\"@type\":\"WebSite\",\"@id\":\"https:\/\/bi7g.com\/#website\",\"url\":\"https:\/\/bi7g.com\/\",\"name\":\"Bi7g, vente et achat de parfum.\",\"description\":\"\",\"potentialAction\":[{\"@type\":\"SearchAction\",\"target\":{\"@type\":\"EntryPoint\",\"urlTemplate\":\"https:\/\/bi7g.com\/?s={search_term_string}\"},\"query-input\":{\"@type\":\"PropertyValueSpecification\",\"valueRequired\":true,\"valueName\":\"search_term_string\"}}],\"inLanguage\":\"en-US\"}]}<\/script>\n<!-- \/ Yoast SEO Premium plugin. -->","yoast_head_json":{"title":"Parfum - Bi7g, vente et achat de parfum.","description":"D\u00e9couvrez l'univers envo\u00fbtant des parfums : notes olfactives, grandes maisons de parfumerie, commandez votre parfum maintenant.","robots":{"index":"index","follow":"follow","max-snippet":"max-snippet:-1","max-image-preview":"max-image-preview:large","max-video-preview":"max-video-preview:-1"},"canonical":"https:\/\/bi7g.com\/en\/","og_locale":"en_US","og_type":"article","og_title":"Parfum","og_description":"D\u00e9couvrez l'univers envo\u00fbtant des parfums : notes olfactives, grandes maisons de parfumerie, commandez votre parfum maintenant.","og_url":"https:\/\/bi7g.com\/en\/","og_site_name":"Bi7g, vente et achat de parfum.","article_modified_time":"2025-12-27T18:59:37+00:00","og_image":[{"url":"https:\/\/bi7g.com\/wp-content\/uploads\/2025\/12\/cropped-bg_breadcrumb_v12-150x150.jpg","type":"","width":"","height":""}],"twitter_card":"summary_large_image","twitter_misc":{"Est. reading time":"3 minutes"},"schema":{"@context":"https:\/\/schema.org","@graph":[{"@type":"WebPage","@id":"https:\/\/bi7g.com\/","url":"https:\/\/bi7g.com\/","name":"Parfum - Bi7g, vente et achat de parfum.","isPartOf":{"@id":"https:\/\/bi7g.com\/#website"},"primaryImageOfPage":{"@id":"https:\/\/bi7g.com\/#primaryimage"},"image":{"@id":"https:\/\/bi7g.com\/#primaryimage"},"thumbnailUrl":"https:\/\/bi7g.com\/wp-content\/uploads\/2025\/12\/cropped-bg_breadcrumb_v12-150x150.jpg","datePublished":"2024-06-10T04:16:32+00:00","dateModified":"2025-12-27T18:59:37+00:00","description":"D\u00e9couvrez l'univers envo\u00fbtant des parfums : notes olfactives, grandes maisons de parfumerie, commandez votre parfum maintenant.","breadcrumb":{"@id":"https:\/\/bi7g.com\/#breadcrumb"},"inLanguage":"en-US","potentialAction":[{"@type":"ReadAction","target":["https:\/\/bi7g.com\/"]}]},{"@type":"ImageObject","inLanguage":"en-US","@id":"https:\/\/bi7g.com\/#primaryimage","url":"https:\/\/bi7g.com\/wp-content\/uploads\/2025\/12\/cropped-bg_breadcrumb_v12-150x150.jpg","contentUrl":"https:\/\/bi7g.com\/wp-content\/uploads\/2025\/12\/cropped-bg_breadcrumb_v12-150x150.jpg"},{"@type":"BreadcrumbList","@id":"https:\/\/bi7g.com\/#breadcrumb","itemListElement":[{"@type":"ListItem","position":1,"name":"Home","item":"https:\/\/bi7g.com\/"},{"@type":"ListItem","position":2,"name":"Parfum"}]},{"@type":"WebSite","@id":"https:\/\/bi7g.com\/#website","url":"https:\/\/bi7g.com\/","name":"Bi7g, vente et achat de parfum.","description":"","potentialAction":[{"@type":"SearchAction","target":{"@type":"EntryPoint","urlTemplate":"https:\/\/bi7g.com\/?s={search_term_string}"},"query-input":{"@type":"PropertyValueSpecification","valueRequired":true,"valueName":"search_term_string"}}],"inLanguage":"en-US"}]}},"_links":{"self":[{"href":"https:\/\/bi7g.com\/en\/wp-json\/wp\/v2\/pages\/113","targetHints":{"allow":["GET"]}}],"collection":[{"href":"https:\/\/bi7g.com\/en\/wp-json\/wp\/v2\/pages"}],"about":[{"href":"https:\/\/bi7g.com\/en\/wp-json\/wp\/v2\/types\/page"}],"author":[{"embeddable":true,"href":"https:\/\/bi7g.com\/en\/wp-json\/wp\/v2\/users\/1"}],"replies":[{"embeddable":true,"href":"https:\/\/bi7g.com\/en\/wp-json\/wp\/v2\/comments?post=113"}],"version-history":[{"count":94,"href":"https:\/\/bi7g.com\/en\/wp-json\/wp\/v2\/pages\/113\/revisions"}],"predecessor-version":[{"id":6379,"href":"https:\/\/bi7g.com\/en\/wp-json\/wp\/v2\/pages\/113\/revisions\/6379"}],"wp:attachment":[{"href":"https:\/\/bi7g.com\/en\/wp-json\/wp\/v2\/media?parent=113"}],"curies":[{"name":"wp","href":"https:\/\/api.w.org\/{rel}","templated":true}]}}